{"id":90,"date":"2024-01-18T22:11:56","date_gmt":"2024-01-18T22:11:56","guid":{"rendered":"http:\/\/159.89.14.228\/?page_id=90"},"modified":"2024-01-19T12:04:58","modified_gmt":"2024-01-19T11:04:58","slug":"press","status":"publish","type":"page","link":"https:\/\/neudi.se\/index.php\/press\/","title":{"rendered":"Press"},"content":{"rendered":"<div class=\"wpb-content-wrapper\"><p>[vc_row full_width=&#8221;stretch_row&#8221; css=&#8221;.vc_custom_1705616128542{padding-top: 20% !important;background-color: #0c3f4d !important;}&#8221; el_id=&#8221;helabg2&#8243; el_class=&#8221;vittext&#8221;][vc_column][vc_column_text]<span style=\"color: #d57348;\">Press<\/span>[\/vc_column_text][lab_divider type=&#8221;plain&#8221; plain_style=&#8221;thick&#8221; plain_width=&#8221;50&#8243; plain_color=&#8221;#ffffff&#8221;][vc_column_text]<\/p>\n<h2>Humble Group<\/h2>\n<p><a href=\"https:\/\/neudi.se\/wp-content\/uploads\/2024\/01\/Press-Humble-group.pdf\">-Neudi &amp; C:o investerar i Humble Group<\/a>[\/vc_column_text][vc_column_text]<\/p>\n<h2>Exeger<\/h2>\n<p><a href=\"https:\/\/neudi.se\/wp-content\/uploads\/2024\/01\/Press-Exeger-221227.pdf\">&#8211; Neudi &amp; C:o investerar i Exeger<\/a>[\/vc_column_text][vc_column_text]<\/p>\n<h2>NA-KD<\/h2>\n<p><a href=\"https:\/\/neudi.se\/wp-content\/uploads\/2024\/01\/Press-Release-NA-KD-ECO.pdf\">&#8211;\u00a0Ernstr\u00f6m &amp; Co investerar i NA-KD<\/a>[\/vc_column_text][vc_column_text]<\/p>\n<h2>Ernstr\u00f6mgruppen<\/h2>\n<p><a href=\"https:\/\/neudi.se\/wp-content\/uploads\/2024\/01\/Pressmeddelande-Ernstromgruppen-tillsatter-ny-VD-och-koncernchef.pdf\">&#8211;\u00a0Ernstr\u00f6mgruppen tills\u00e4tter ny VD\/koncernchef och h\u00f6jer ambitionsniv\u00e5n<\/a>[\/vc_column_text][vc_column_text]<\/p>\n<h2>Annotell<\/h2>\n<p><a href=\"https:\/\/neudi.se\/wp-content\/uploads\/2024\/01\/annotell_press_release-SV-002.pdf\">&#8211;\u00a0Ernstr\u00f6m &amp; C:o investerar tillsammans med Stena Sessan i Annotell AB<\/a>[\/vc_column_text][vc_column_text]<\/p>\n<h2>24Storage<\/h2>\n<p><a href=\"https:\/\/neudi.se\/wp-content\/uploads\/2024\/01\/Pressmeddelande-24Storage.pdf\">&#8211;\u00a0B\u00f6rsnotering i 24Storage 10 december 2019<\/a>[\/vc_column_text][vc_column_text]<\/p>\n<h2>Buddi<\/h2>\n<p><a href=\"https:\/\/neudi.se\/wp-content\/uploads\/2024\/01\/Buddi-pressmeddelande-SV-190912.pdf\">&#8211;\u00a0Ernstr\u00f6m &amp; C:o investerar i det brittiska techf\u00f6retaget Buddi<\/a>[\/vc_column_text][vc_column_text]<\/p>\n<h2>Lysa<\/h2>\n<p>&#8211; <a href=\"https:\/\/www.breakit.se\/artikel\/15005\/lysas-robot-spranger-dromgrans-marknaden-vard-7000-miljarder\">Lysa\u00a0tar\u00a0in\u00a040\u00a0MSEK\u00a0fr\u00e5n bland\u00a0annat\u00a0Anders\u00a0Borg\u00a0och\u00a0Christer\u00a0Gardell<\/a>[\/vc_column_text][vc_column_text]<\/p>\n<h2>24Storage<\/h2>\n<p>&#8211; <a href=\"https:\/\/24storage.se\/nyheter\/pressmeddelande\/24storage-tar-in-82-msek-genom-overtecknad-nyemission-for-fortsatt-tillvaxt\">24Storage\u00a0tar\u00a0in\u00a082\u00a0MSEK\u00a0i\u00a0\u00f6vertecknad\u00a0nyemission<\/a>[\/vc_column_text][vc_column_text]<\/p>\n<h2>CellMark<\/h2>\n<p><a href=\"https:\/\/neudi.se\/wp-content\/uploads\/2024\/01\/CellMark_pressrelease_Ernstrom.pdf\">&#8211; Ernstr\u00f6m investerar i CellMark<\/a>[\/vc_column_text][vc_column_text]<\/p>\n<h2>Ls Technologies<\/h2>\n<p><a href=\"https:\/\/neudi.se\/wp-content\/uploads\/2024\/01\/PRM-Lidan-Marine-D.pdf\" target=\"_blank\" rel=\"noopener noreferrer\">&#8211; Ernstr\u00f6m st\u00f6ttar LS Technologies f\u00f6rv\u00e4rv av amerikanska Patterson<\/a>[\/vc_column_text][vc_column_text]<\/p>\n<h2>Wint<\/h2>\n<p>&#8211; \u00a0\u00a0<a href=\"http:\/\/www.mynewsdesk.com\/se\/wint\/pressreleases\/fintech-veteraner-investerar-i-bokfoeringsutmanaren-wint-som-laegger-i-naesta-vaexel-1664504\" target=\"_blank\" rel=\"noopener noreferrer\">Fintech-veteraner investerar i bokf\u00f6ringsutmanaren Wint<\/a><\/p>\n<h3><\/h3>\n<p>[\/vc_column_text][vc_column_text]<\/p>\n<h2>Stampen<\/h2>\n<p>&#8211; \u00a0<a href=\"http:\/\/www.mynewsdesk.com\/se\/stampen\/pressreleases\/stampen-breddar-aegandet-1693720\" target=\"_blank\" rel=\"noopener noreferrer\">Stampen breddar \u00e4gandet<\/a>[\/vc_column_text][vc_column_text]<\/p>\n<h2>Apotea<\/h2>\n<p>&#8211; \u00a0\u00a0<a href=\"http:\/\/news.cision.com\/se\/apotea\/r\/apotea-se-breddar-agandet-med-fler-investerare,c2005147\" target=\"_blank\" rel=\"noopener noreferrer\">apotea.se breddar \u00e4gandet med fler investerare<\/a><\/p>\n<h3><\/h3>\n<p>[\/vc_column_text][vc_column_text]<\/p>\n<h2>\u00a024storage<\/h2>\n<p>&#8211; \u00a0\u00a0<a href=\"http:\/\/www.mynewsdesk.com\/se\/24storage-ab\/pressreleases\/24storage-saekrar-100-miljoner-kronor-i-ny-investerarrunda-1307206\" target=\"_blank\" rel=\"noopener noreferrer\">24Storage s\u00e4krar 100 miljoner kronor i ny investerarrunda<\/a>[\/vc_column_text][\/vc_column][\/vc_row]<\/p>\n<\/div>","protected":false},"excerpt":{"rendered":"<p>[vc_row full_width=&#8221;stretch_row&#8221; css=&#8221;.vc_custom_1705616128542{padding-top: 20% !important;background-color: #0c3f4d !important;}&#8221; el_id=&#8221;helabg2&#8243; el_class=&#8221;vittext&#8221;][vc_column][vc_column_text]Press[\/vc_column_text][lab_divider type=&#8221;plain&#8221; plain_style=&#8221;thick&#8221; plain_width=&#8221;50&#8243; plain_color=&#8221;#ffffff&#8221;][vc_column_text] Humble Group -Neudi &amp; C:o investerar i Humble Group[\/vc_column_text][vc_column_text] Exeger &#8211; Neudi &amp; C:o investerar i Exeger[\/vc_column_text][vc_column_text] NA-KD &#8211;\u00a0Ernstr\u00f6m &amp; Co investerar i NA-KD[\/vc_column_text][vc_column_text] Ernstr\u00f6mgruppen &#8211;\u00a0Ernstr\u00f6mgruppen tills\u00e4tter ny VD\/koncernchef och h\u00f6jer ambitionsniv\u00e5n[\/vc_column_text][vc_column_text] Annotell &#8211;\u00a0Ernstr\u00f6m &amp; C:o investerar tillsammans med Stena Sessan i&hellip;<\/p>\n","protected":false},"author":1,"featured_media":0,"parent":0,"menu_order":0,"comment_status":"closed","ping_status":"closed","template":"","meta":{"footnotes":""},"class_list":["post-90","page","type-page","status-publish","hentry"],"acf":[],"_links":{"self":[{"href":"https:\/\/neudi.se\/index.php\/wp-json\/wp\/v2\/pages\/90","targetHints":{"allow":["GET"]}}],"collection":[{"href":"https:\/\/neudi.se\/index.php\/wp-json\/wp\/v2\/pages"}],"about":[{"href":"https:\/\/neudi.se\/index.php\/wp-json\/wp\/v2\/types\/page"}],"author":[{"embeddable":true,"href":"https:\/\/neudi.se\/index.php\/wp-json\/wp\/v2\/users\/1"}],"replies":[{"embeddable":true,"href":"https:\/\/neudi.se\/index.php\/wp-json\/wp\/v2\/comments?post=90"}],"version-history":[{"count":7,"href":"https:\/\/neudi.se\/index.php\/wp-json\/wp\/v2\/pages\/90\/revisions"}],"predecessor-version":[{"id":231,"href":"https:\/\/neudi.se\/index.php\/wp-json\/wp\/v2\/pages\/90\/revisions\/231"}],"wp:attachment":[{"href":"https:\/\/neudi.se\/index.php\/wp-json\/wp\/v2\/media?parent=90"}],"curies":[{"name":"wp","href":"https:\/\/api.w.org\/{rel}","templated":true}]}}