{"id":9,"date":"2024-01-18T20:43:01","date_gmt":"2024-01-18T20:43:01","guid":{"rendered":"http:\/\/159.89.14.228\/?page_id=9"},"modified":"2025-09-22T11:04:13","modified_gmt":"2025-09-22T09:04:13","slug":"neudi-och-co","status":"publish","type":"page","link":"https:\/\/neudi.se\/","title":{"rendered":"Neudi och co"},"content":{"rendered":"<div class=\"wpb-content-wrapper\"><p>[vc_row full_width=&#8221;stretch_row&#8221; full_height=&#8221;yes&#8221; el_id=&#8221;helabg&#8221; el_class=&#8221;vittext&#8221; css=&#8221;.vc_custom_1705661685005{padding-top: 10% !important;background: #0c3f4d url(https:\/\/neudi.se\/wp-content\/uploads\/2024\/01\/Startsida.jpg?id=10) !important;background-position: center !important;background-repeat: no-repeat !important;background-size: cover !important;}&#8221;][vc_column][lab_text_autotype typed_text=&#8221;<\/p>\n<h1>neudi<br \/>\noch *nederman;cellmark;lysa;platzer;ernstr\u00f6mgruppen;buddi*<\/h1>\n<p>&#8221; typed_show_options=&#8221;yes&#8221; typed_options_cursorchar=&#8221;&#8221; typed_options_loopcount=&#8221;-1&#8243; typed_options_backdelay=&#8221;1000&#8243;][vc_row_inner][vc_column_inner width=&#8221;1\/2&#8243;][vc_column_text el_class=&#8221;starttext&#8221; css=&#8221;.vc_custom_1705611054136{margin-top: 0px !important;margin-left: 0px !important;padding-top: 0px !important;padding-left: 0px !important;}&#8221;]Neudi &amp; Co \u00e4r ett familje\u00e4gt investeringsbolag som genom aktivt \u00e4gande utvecklar b\u00e5de entrepren\u00f6rskap och f\u00f6retag i tillv\u00e4xt.[\/vc_column_text][\/vc_column_inner][vc_column_inner width=&#8221;1\/2&#8243;][\/vc_column_inner][\/vc_row_inner][lab_button title=&#8221;Innehav&#8221; type=&#8221;outlined&#8221; size=&#8221;btn-large&#8221; button_bg=&#8221;btn-white&#8221; link=&#8221;url:https%3A%2F%2Fneudi.se%2Findex.php%2Ffastigheter%2F|title:Fastigheter&#8221;][lab_button title=&#8221;Historia&#8221; type=&#8221;outlined&#8221; size=&#8221;btn-large&#8221; button_bg=&#8221;btn-white&#8221; link=&#8221;url:https%3A%2F%2Fneudi.se%2Findex.php%2Fhistoria%2F|title:Historia&#8221;][lab_button title=&#8221;Kontakt&#8221; type=&#8221;outlined&#8221; size=&#8221;btn-large&#8221; button_bg=&#8221;btn-white&#8221; link=&#8221;url:https%3A%2F%2Fneudi.se%2Findex.php%2Fkontakt%2F|title:Kontakt&#8221;][\/vc_column][\/vc_row]<\/p>\n<\/div>","protected":false},"excerpt":{"rendered":"<p>[vc_row full_width=&#8221;stretch_row&#8221; full_height=&#8221;yes&#8221; el_id=&#8221;helabg&#8221; el_class=&#8221;vittext&#8221; css=&#8221;.vc_custom_1705661685005{padding-top: 10% !important;background: #0c3f4d url(https:\/\/neudi.se\/wp-content\/uploads\/2024\/01\/Startsida.jpg?id=10) !important;background-position: center !important;background-repeat: no-repeat !important;background-size: cover !important;}&#8221;][vc_column][lab_text_autotype typed_text=&#8221; neudi och *nederman;cellmark;lysa;platzer;ernstr\u00f6mgruppen;buddi* &#8221; typed_show_options=&#8221;yes&#8221; typed_options_cursorchar=&#8221;&#8221; typed_options_loopcount=&#8221;-1&#8243; typed_options_backdelay=&#8221;1000&#8243;][vc_row_inner][vc_column_inner width=&#8221;1\/2&#8243;][vc_column_text el_class=&#8221;starttext&#8221; css=&#8221;.vc_custom_1705611054136{margin-top: 0px !important;margin-left: 0px !important;padding-top: 0px !important;padding-left: 0px !important;}&#8221;]Neudi &amp; Co \u00e4r ett familje\u00e4gt investeringsbolag som genom aktivt \u00e4gande utvecklar b\u00e5de entrepren\u00f6rskap och f\u00f6retag i tillv\u00e4xt.[\/vc_column_text][\/vc_column_inner][vc_column_inner width=&#8221;1\/2&#8243;][\/vc_column_inner][\/vc_row_inner][lab_button&hellip;<\/p>\n","protected":false},"author":1,"featured_media":0,"parent":0,"menu_order":0,"comment_status":"closed","ping_status":"closed","template":"","meta":{"footnotes":""},"class_list":["post-9","page","type-page","status-publish","hentry"],"acf":[],"_links":{"self":[{"href":"https:\/\/neudi.se\/index.php\/wp-json\/wp\/v2\/pages\/9","targetHints":{"allow":["GET"]}}],"collection":[{"href":"https:\/\/neudi.se\/index.php\/wp-json\/wp\/v2\/pages"}],"about":[{"href":"https:\/\/neudi.se\/index.php\/wp-json\/wp\/v2\/types\/page"}],"author":[{"embeddable":true,"href":"https:\/\/neudi.se\/index.php\/wp-json\/wp\/v2\/users\/1"}],"replies":[{"embeddable":true,"href":"https:\/\/neudi.se\/index.php\/wp-json\/wp\/v2\/comments?post=9"}],"version-history":[{"count":14,"href":"https:\/\/neudi.se\/index.php\/wp-json\/wp\/v2\/pages\/9\/revisions"}],"predecessor-version":[{"id":267,"href":"https:\/\/neudi.se\/index.php\/wp-json\/wp\/v2\/pages\/9\/revisions\/267"}],"wp:attachment":[{"href":"https:\/\/neudi.se\/index.php\/wp-json\/wp\/v2\/media?parent=9"}],"curies":[{"name":"wp","href":"https:\/\/api.w.org\/{rel}","templated":true}]}}