{"id":62,"date":"2024-01-18T21:44:18","date_gmt":"2024-01-18T21:44:18","guid":{"rendered":"http:\/\/159.89.14.228\/?page_id=62"},"modified":"2024-01-19T11:14:27","modified_gmt":"2024-01-19T10:14:27","slug":"historia","status":"publish","type":"page","link":"https:\/\/neudi.se\/index.php\/historia\/","title":{"rendered":"Historia"},"content":{"rendered":"<div class=\"wpb-content-wrapper\"><p>[vc_row full_width=&#8221;stretch_row&#8221; full_height=&#8221;yes&#8221; el_id=&#8221;helabg&#8221; el_class=&#8221;vittext&#8221; css=&#8221;.vc_custom_1705659265913{padding-top: 20% !important;background-image: url(https:\/\/neudi.se\/wp-content\/uploads\/2024\/01\/Historia-Serponit.jpg?id=63) !important;}&#8221;][vc_column][vc_wp_custommenu nav_menu=&#8221;11&#8243;][lab_divider type=&#8221;plain&#8221; plain_style=&#8221;thick&#8221; plain_width=&#8221;50&#8243; plain_color=&#8221;#eaeaea&#8221;][vc_tta_tour style=&#8221;flat&#8221; color=&#8221;white&#8221; spacing=&#8221;&#8221; gap=&#8221;20&#8243; controls_size=&#8221;md&#8221; active_section=&#8221;&#8221; no_fill_content_area=&#8221;true&#8221; el_class=&#8221;vittext&#8221;][vc_tta_section title=&#8221;historisk summering&#8221; tab_id=&#8221;historisk&#8221;][vc_column_text]Neudi och Co \u00e4r ett familje\u00e4gt investeringsf\u00f6retag i fj\u00e4rde generationen av familjen Hobohm-Hielte. Vi \u00e4r baserade i G\u00f6teborg och har v\u00e5ra r\u00f6tter inom industri och handel. F\u00f6retaget grundades 1918 av Ivar Ernstr\u00f6m som inom n\u00e5gra \u00e5r blev kompanjon med Albert Hobohm, som 1920 flyttade fr\u00e5n Hamburg till G\u00f6teborg med sin familj. Albert ledde f\u00f6retaget fram till sin d\u00f6d 1950 d\u00e5 hans son Gerhard Hobohm tog vid och inledde en kraftig expansion av verksamheten. F\u00f6retaget utvecklades under namnet Ernstr\u00f6mgruppen till en b\u00f6rsnoterad internationell byggmaterialkoncern med fabriker i som mest 11 l\u00e4nder. N\u00e4r Gerhard gick i pension 1991 tog hans sv\u00e4rson Eric Hielte \u00f6ver ledningen f\u00f6r f\u00f6retaget och inledde en radikal omorientering av verksamheten. Hela byggmaterialverksamheten avyttrades och fokus skiftade till teknikhandel, kommersiella fastigheter och finansiella investeringar. Eric eftertr\u00e4ddes 2008 av sin son Fabian Hielte som fortsatt utveckla koncernen i riktning mot ett finansiellt handelshus med industri, fastigheter och investeringar som fokus. V\u00e5r sedan 1970-talet hel\u00e4gda industrigrupp opererar idag under varum\u00e4rket Ernstr\u00f6mgruppen. V\u00e5rt systerbolag Kusinhus f\u00f6rvaltar fastigheter och utvecklar bost\u00e4der under varum\u00e4rket Sverigehuset.[\/vc_column_text][\/vc_tta_section][vc_tta_section title=&#8221;surbrunnsgatan&#8221; tab_id=&#8221;surbrunnsgatan&#8221;][vc_column_text]<\/p>\n<h1>surbrunnsgatan<\/h1>\n<p>Neudi &amp; C:o AB grundades den 1 februari 1918 i G\u00f6teborg. Det f\u00f6rsta kontoret l\u00e5g p\u00e5 Surbrunnsgatan 6 p\u00e5 Skeppsbron. Albert Hobohm hade flyttat till G\u00f6teborg p\u00e5 uppdrag av sin d\u00e5varande arbetsgivare i Hamburg men blev efter kort tid ist\u00e4llet kompanjon med Ivar Ernstr\u00f6m och tog s\u00e5 sm\u00e5ningom \u00f6ver ledningen f\u00f6r f\u00f6retaget. Bolaget var under dessa tidiga \u00e5r ett handelshus inom d\u00e5tidens byggmaterial (spik, papp, asfalt och r\u00f6rmattor men ocks\u00e5 import av cement fr\u00e5n Polen). Bolagets f\u00f6rsta ordf\u00f6rande var den k\u00e4nde aff\u00e4rsmannen Oscar Gyllenhammar.[\/vc_column_text][\/vc_tta_section][vc_tta_section title=&#8221;serponit och dolomit&#8221; tab_id=&#8221;serponit-och-dolomit&#8221;][vc_column_text]<\/p>\n<h1>serponit och dolomit<\/h1>\n<p>Det fr\u00e4msta varum\u00e4rket inom koncernen under byggmaterialepoken var Serponit med ursprung i de vattent\u00e4ta stenfiberplattor som lanserades 1922. Cement blandades med dolomit (en vit marmor). Neudi lanserade under \u00e5ren flera innovationer och breddade sig mot golvavj\u00e4mning och andra produktgrupper. Ett flertal parallella satsningar lanserades s\u00e5som Modulenthus (sm\u00e5hustillverkning) och Ecopipe (fj\u00e4rrv\u00e4rmekulvertar). 1967 inledde koncernen gruvdrift av dolomit i Glanshammar utanf\u00f6r \u00d6rebro.[\/vc_column_text][\/vc_tta_section][vc_tta_section title=&#8221;armaturjonsson&#8221; tab_id=&#8221;armaturjonsson&#8221;][vc_column_text]<\/p>\n<h1>armaturjonsson<\/h1>\n<p>Under de politiska sv\u00e5ra \u00e5ren p\u00e5 70-talet s\u00e5 f\u00f6rv\u00e4rvades Armaturjonsson av dess grundare Bengt Jonsson. Bolaget hade en mycket stark st\u00e4llning inom installationsbranschen och f\u00f6retr\u00e4dde flera av de fr\u00e4msta europeiska varum\u00e4rkena. Armaturjonsson blev k\u00e4rnan i ett f\u00f6retagsbygge parallellt med byggmaterialkoncernen neudi och \u00e4r ursprunget till dagens industriella konglomerat Ernstr\u00f6mgruppen.[\/vc_column_text][\/vc_tta_section][vc_tta_section title=&#8221;otc-listan&#8221; tab_id=&#8221;otc-listan&#8221;][vc_column_text]<\/p>\n<h1>otc-listan<\/h1>\n<p>1983 noterades Ernstr\u00f6mgruppen som ett av de f\u00f6rsta f\u00f6retagen p\u00e5 Stockholmsb\u00f6rsens OTC-lista. Drakoniska f\u00f6rm\u00f6genhets- och arvsskatter hade under en l\u00e4ngre tid drivit f\u00f6retagare utomlands, och OTC-listan var ett f\u00f6rs\u00f6k att underl\u00e4tta f\u00f6r \u00e4garledda verksamheter att kvarst\u00e5 i landet. Verksamheten expanderade efter detta kraftigt under flera \u00e5r innan konjunkturen och den svenska bygg- och fastighetsmarknaden tv\u00e4rnitade 1991. \u00c4garfamiljen k\u00f6pte ut neudi fr\u00e5n b\u00f6rsen och inledde en kraftig omstrukturering av verksamheten som slutade med att hela byggmaterial \u2013 och mineralverksamheten avyttrades. Neudi &amp; C:o bestod efter detta av dotterkoncernen Armaturjonsson och en kassa.[\/vc_column_text][\/vc_tta_section][vc_tta_section title=&#8221;platzer&#8221; tab_id=&#8221;platzer&#8221;][vc_column_text]<\/p>\n<h1>platzer<\/h1>\n<p>Den svenska fastighetskrisen i b\u00f6rjan av 90-talet ledde till kraftiga \u00e4garf\u00f6r\u00e4ndringar inom branschen. Neudi &amp; C:o utnyttjade de nedpressade v\u00e4rderingarna genom att i\u00a0 mitten av 90-talet f\u00f6rv\u00e4rva aktier i Platzer Fastigheter, som just hade avyttrat sin entreprenadverksamhet i syfte att fokusera p\u00e5 fastighetsf\u00f6rvaltning. Efter ett fastighetsbyte med d\u00e5varande Storheden s\u00e5 blev Platzer ett renodlat v\u00e4stsvenskt f\u00f6retag med bas i G\u00f6teborg. Neudi &amp; C:o blev huvud\u00e4gare med ca 40% av r\u00f6sterna i bolaget. Efter n\u00e5gra \u00e5r lade Tornet ett fientligt bud p\u00e5 bolaget vilket resulterade i att Neudi &amp; C:o f\u00f6rv\u00e4rvade hela bolaget och Platzer blev under n\u00e5gra \u00e5r ett hel\u00e4gt dotterbolag i koncernen. 2008 ombildades Platzer och L\u00e4nsf\u00f6rs\u00e4kringar samt Backahill bj\u00f6ds in att bli del\u00e4gare. Cirkeln sl\u00f6ts n\u00e4r Platzer \u00e5nyo b\u00f6rsnoterades 2013 med Neudi &amp; C:o som st\u00f6rsta \u00e4gare.[\/vc_column_text][\/vc_tta_section][vc_tta_section title=&#8221;hallska huset&#8221; tab_id=&#8221;hallska&#8221;][vc_column_text]<\/p>\n<h1>hallska huset<\/h1>\n<p>Efter att l\u00e4nge ha suttit p\u00e5 Berzeliigatan i G\u00f6teborg s\u00e5 flyttade koncernen f\u00f6rst till M\u00f6lndalsv\u00e4gen och sedan till H\u00f6gsbo efter att byggmaterialdelen s\u00e5lts. \u00c5r 2000 f\u00f6rv\u00e4rvades Hallska huset p\u00e5 \u00d6stra Hamngatan 19 i G\u00f6teborg som sedan dess varit koncernens bas. Fastigheten har en rik historia och byggdes p\u00e5 1700-talet som privatpalats \u00e5t den framg\u00e5ngsrike ostindiefararen John Hall, som \u00e4ven uppf\u00f6rde Gunnebo Slott som sommarbostad. 1928 byggdes palatset om till kontorsbyggnad och kanalen utanf\u00f6r fylldes igen.[\/vc_column_text][\/vc_tta_section][vc_tta_section title=&#8221;collector&#8221; tab_id=&#8221;collector&#8221;][vc_column_text]<\/p>\n<h1>collector<\/h1>\n<p>\u00c5r 2006 finansierade Neudi &amp; C:o det dynamiska finansf\u00f6retaget Collectors f\u00f6rv\u00e4rv av Electra Finans. Detta blev starten p\u00e5 en fantastisk tillv\u00e4xtresa signerad entrepren\u00f6ren Lena Apler. Under Lenas ledning v\u00e4xte Collector till en fullskalig nischbank med digitalt fokus. Neudi &amp; C:o var l\u00e4nge st\u00f6rsta \u00e4gare i Collector men minskade sitt \u00e4gande n\u00e4r Erik Selin och Balder bj\u00f6ds in som \u00e4gare \u00e5r 2011. Collector b\u00f6rsnoterades 2015 och verksamheten har fortsatt att utvecklas starkt.[\/vc_column_text][\/vc_tta_section][\/vc_tta_tour][\/vc_column][\/vc_row]<\/p>\n<\/div>","protected":false},"excerpt":{"rendered":"<p>[vc_row full_width=&#8221;stretch_row&#8221; full_height=&#8221;yes&#8221; el_id=&#8221;helabg&#8221; el_class=&#8221;vittext&#8221; css=&#8221;.vc_custom_1705659265913{padding-top: 20% !important;background-image: url(https:\/\/neudi.se\/wp-content\/uploads\/2024\/01\/Historia-Serponit.jpg?id=63) !important;}&#8221;][vc_column][vc_wp_custommenu nav_menu=&#8221;11&#8243;][lab_divider type=&#8221;plain&#8221; plain_style=&#8221;thick&#8221; plain_width=&#8221;50&#8243; plain_color=&#8221;#eaeaea&#8221;][vc_tta_tour style=&#8221;flat&#8221; color=&#8221;white&#8221; spacing=&#8221;&#8221; gap=&#8221;20&#8243; controls_size=&#8221;md&#8221; active_section=&#8221;&#8221; no_fill_content_area=&#8221;true&#8221; el_class=&#8221;vittext&#8221;][vc_tta_section title=&#8221;historisk summering&#8221; tab_id=&#8221;historisk&#8221;][vc_column_text]Neudi och Co \u00e4r ett familje\u00e4gt investeringsf\u00f6retag i fj\u00e4rde generationen av familjen Hobohm-Hielte. Vi \u00e4r baserade i G\u00f6teborg och har v\u00e5ra r\u00f6tter inom industri och handel. F\u00f6retaget grundades 1918 av&hellip;<\/p>\n","protected":false},"author":1,"featured_media":0,"parent":0,"menu_order":0,"comment_status":"closed","ping_status":"closed","template":"","meta":{"footnotes":""},"class_list":["post-62","page","type-page","status-publish","hentry"],"acf":[],"_links":{"self":[{"href":"https:\/\/neudi.se\/index.php\/wp-json\/wp\/v2\/pages\/62","targetHints":{"allow":["GET"]}}],"collection":[{"href":"https:\/\/neudi.se\/index.php\/wp-json\/wp\/v2\/pages"}],"about":[{"href":"https:\/\/neudi.se\/index.php\/wp-json\/wp\/v2\/types\/page"}],"author":[{"embeddable":true,"href":"https:\/\/neudi.se\/index.php\/wp-json\/wp\/v2\/users\/1"}],"replies":[{"embeddable":true,"href":"https:\/\/neudi.se\/index.php\/wp-json\/wp\/v2\/comments?post=62"}],"version-history":[{"count":5,"href":"https:\/\/neudi.se\/index.php\/wp-json\/wp\/v2\/pages\/62\/revisions"}],"predecessor-version":[{"id":204,"href":"https:\/\/neudi.se\/index.php\/wp-json\/wp\/v2\/pages\/62\/revisions\/204"}],"wp:attachment":[{"href":"https:\/\/neudi.se\/index.php\/wp-json\/wp\/v2\/media?parent=62"}],"curies":[{"name":"wp","href":"https:\/\/api.w.org\/{rel}","templated":true}]}}