{"id":56,"date":"2024-01-18T21:36:25","date_gmt":"2024-01-18T21:36:25","guid":{"rendered":"http:\/\/159.89.14.228\/?page_id=56"},"modified":"2024-01-19T11:14:39","modified_gmt":"2024-01-19T10:14:39","slug":"investeringsfokus","status":"publish","type":"page","link":"https:\/\/neudi.se\/index.php\/investeringsfokus\/","title":{"rendered":"Investeringsfokus"},"content":{"rendered":"<div class=\"wpb-content-wrapper\"><p>[vc_row full_width=&#8221;stretch_row&#8221; full_height=&#8221;yes&#8221; el_id=&#8221;helabg&#8221; el_class=&#8221;vittext&#8221; css=&#8221;.vc_custom_1705659278792{padding-top: 20% !important;background-image: url(https:\/\/neudi.se\/wp-content\/uploads\/2024\/01\/Investeringsfokus.jpg?id=32) !important;}&#8221;][vc_column][vc_wp_custommenu nav_menu=&#8221;11&#8243;][lab_divider type=&#8221;plain&#8221; plain_style=&#8221;thick&#8221; plain_width=&#8221;50&#8243; plain_color=&#8221;#eaeaea&#8221;][vc_tta_tour style=&#8221;flat&#8221; color=&#8221;white&#8221; spacing=&#8221;&#8221; gap=&#8221;20&#8243; controls_size=&#8221;md&#8221; active_section=&#8221;1&#8243; no_fill_content_area=&#8221;true&#8221; el_class=&#8221;vittext&#8221;][vc_tta_section title=&#8221;investeringsfokus&#8221; tab_id=&#8221;investeringsfokus&#8221;][vc_column_text]<\/p>\n<h1>investeringsfokus<\/h1>\n<p>Neudi &amp; C:o \u00e4r ett familje\u00e4gt investeringsbolag som i aktivt partnerskap med andra akt\u00f6rer \u00e4ger och utvecklar f\u00f6retag i syfte att skapa l\u00e5ngsiktigt v\u00e4rde. Det som skiljer Neudi &amp; C:o fr\u00e5n andra investeringsbolag \u00e4r korta beslutsv\u00e4gar och enkla arbetsprocesser, flexibilitet i \u00e4garandelar och obegr\u00e4nsad investeringshorisont. Vi har gjort aff\u00e4rer i 100 \u00e5r och fyra generationer och vet av egen erfarenhet att l\u00e5ngsiktighet och t\u00e5lamod kr\u00e4vs f\u00f6r att bygga framg\u00e5ngsrika f\u00f6retag.<\/p>\n<p>Neudi &amp; C:o \u00e4r branschoberoende och investerar i s\u00e5v\u00e4l mogna bolag som tillv\u00e4xtbolag samt i b\u00e5de noterade och privat\u00e4gda bolag. Investeringarna inneb\u00e4r typiskt sett ett aktivt \u00e4garengagemang och g\u00f6rs g\u00e4rna tillsammans med duktiga entrepren\u00f6rer d\u00e4r man gemensamt definierar och genomf\u00f6r en utvecklingsplan f\u00f6r bolaget.[\/vc_column_text][\/vc_tta_section][\/vc_tta_tour][\/vc_column][\/vc_row]<\/p>\n<\/div>","protected":false},"excerpt":{"rendered":"<p>[vc_row full_width=&#8221;stretch_row&#8221; full_height=&#8221;yes&#8221; el_id=&#8221;helabg&#8221; el_class=&#8221;vittext&#8221; css=&#8221;.vc_custom_1705659278792{padding-top: 20% !important;background-image: url(https:\/\/neudi.se\/wp-content\/uploads\/2024\/01\/Investeringsfokus.jpg?id=32) !important;}&#8221;][vc_column][vc_wp_custommenu nav_menu=&#8221;11&#8243;][lab_divider type=&#8221;plain&#8221; plain_style=&#8221;thick&#8221; plain_width=&#8221;50&#8243; plain_color=&#8221;#eaeaea&#8221;][vc_tta_tour style=&#8221;flat&#8221; color=&#8221;white&#8221; spacing=&#8221;&#8221; gap=&#8221;20&#8243; controls_size=&#8221;md&#8221; active_section=&#8221;1&#8243; no_fill_content_area=&#8221;true&#8221; el_class=&#8221;vittext&#8221;][vc_tta_section title=&#8221;investeringsfokus&#8221; tab_id=&#8221;investeringsfokus&#8221;][vc_column_text] investeringsfokus Neudi &amp; C:o \u00e4r ett familje\u00e4gt investeringsbolag som i aktivt partnerskap med andra akt\u00f6rer \u00e4ger och utvecklar f\u00f6retag i syfte att skapa l\u00e5ngsiktigt v\u00e4rde. Det som skiljer Neudi &amp;&hellip;<\/p>\n","protected":false},"author":1,"featured_media":0,"parent":0,"menu_order":0,"comment_status":"closed","ping_status":"closed","template":"","meta":{"footnotes":""},"class_list":["post-56","page","type-page","status-publish","hentry"],"acf":[],"_links":{"self":[{"href":"https:\/\/neudi.se\/index.php\/wp-json\/wp\/v2\/pages\/56","targetHints":{"allow":["GET"]}}],"collection":[{"href":"https:\/\/neudi.se\/index.php\/wp-json\/wp\/v2\/pages"}],"about":[{"href":"https:\/\/neudi.se\/index.php\/wp-json\/wp\/v2\/types\/page"}],"author":[{"embeddable":true,"href":"https:\/\/neudi.se\/index.php\/wp-json\/wp\/v2\/users\/1"}],"replies":[{"embeddable":true,"href":"https:\/\/neudi.se\/index.php\/wp-json\/wp\/v2\/comments?post=56"}],"version-history":[{"count":5,"href":"https:\/\/neudi.se\/index.php\/wp-json\/wp\/v2\/pages\/56\/revisions"}],"predecessor-version":[{"id":206,"href":"https:\/\/neudi.se\/index.php\/wp-json\/wp\/v2\/pages\/56\/revisions\/206"}],"wp:attachment":[{"href":"https:\/\/neudi.se\/index.php\/wp-json\/wp\/v2\/media?parent=56"}],"curies":[{"name":"wp","href":"https:\/\/api.w.org\/{rel}","templated":true}]}}