{"id":39,"date":"2024-01-18T21:24:29","date_gmt":"2024-01-18T21:24:29","guid":{"rendered":"http:\/\/159.89.14.228\/?page_id=39"},"modified":"2026-02-03T10:08:49","modified_gmt":"2026-02-03T09:08:49","slug":"teknologi","status":"publish","type":"page","link":"https:\/\/neudi.se\/index.php\/teknologi\/","title":{"rendered":"Teknologi"},"content":{"rendered":"<div class=\"wpb-content-wrapper\"><p>[vc_row full_width=&#8221;stretch_row&#8221; full_height=&#8221;yes&#8221; el_id=&#8221;helabg&#8221; el_class=&#8221;vittext&#8221; css=&#8221;.vc_custom_1705659313257{padding-top: 20% !important;background-image: url(https:\/\/neudi.se\/wp-content\/uploads\/2024\/01\/Ernstrom.010.jpg?id=48) !important;}&#8221;][vc_column][vc_wp_custommenu nav_menu=&#8221;9&#8243;][lab_divider type=&#8221;plain&#8221; plain_style=&#8221;thick&#8221; plain_width=&#8221;50&#8243; plain_color=&#8221;#eaeaea&#8221;][vc_tta_tour style=&#8221;flat&#8221; color=&#8221;white&#8221; spacing=&#8221;&#8221; gap=&#8221;20&#8243; controls_size=&#8221;md&#8221; active_section=&#8221;&#8221; no_fill_content_area=&#8221;true&#8221; el_class=&#8221;vittext&#8221;][vc_tta_section title=&#8221;buddi&#8221; tab_id=&#8221;buddi&#8221;][vc_column_text]<\/p>\n<h1>neudi<br \/>\noch <span style=\"color: #d57348;\">buddi<\/span>.<\/h1>\n<p>Buddi \u00e4r ett integrerat produkt- och tj\u00e4nstef\u00f6retag med etablerade sp\u00e5rnings- och \u00f6vervakningsprodukter med en global verksamhet med cirka 230 kunder \u00f6ver hela v\u00e4rlden. Buddis team \u00e4r experter p\u00e5 att utveckla och till\u00e4mpa teknik som \u00e4r anpassad f\u00f6r att m\u00f6ta de unika kraven hos respektive kund. Neudi har varit \u00e4garpartner sedan 2019. Bolaget \u00e4r noterat p\u00e5 London Stock Exchange och har huvudkontor i London.[\/vc_column_text][\/vc_tta_section][vc_tta_section title=&#8221;kognic&#8221; tab_id=&#8221;kognic&#8221;][vc_column_text]<\/p>\n<h1>neudi<br \/>\noch <span style=\"color: #d57348;\">kognic<\/span>.<\/h1>\n<p>Kognic \u00e4r ett G\u00f6teborgsbaserat AI-teknikbolag, vars plattform m\u00f6jligg\u00f6r hantering av enorma m\u00e4ngder data f\u00f6r h\u00f6gkvalitativ tr\u00e4ning och uppf\u00f6ljning av autonoma system. Plattformen riktar sig idag till fordonstillverkare, mer specifikt team som optimerar sj\u00e4lvk\u00f6rande bilar. Kognic grundades 2018 och \u00e4r idag cirka 60 anst\u00e4llda i Sverige och Tyskland. Neudi har varit \u00e4garpartner sedan september 2020.[\/vc_column_text][\/vc_tta_section][vc_tta_section title=&#8221;lavendla&#8221; tab_id=&#8221;lavendla&#8221;][vc_column_text]<\/p>\n<h1>neudi<br \/>\noch <span style=\"color: #d57348;\">lavendla<\/span>.<\/h1>\n<p>Digital begravningsbyr\u00e5 som tillhandah\u00e5ller planering och anordning av begravningar, samt konsultation i tillh\u00f6rande juridiska fr\u00e5gor. Bolagets erbjudande bygger p\u00e5 dess pool av frilansande r\u00e5dgivare inom begravning och juridik, d\u00e4r nya uppdrag f\u00f6rdelas ut beroende p\u00e5 r\u00e5dgivarens tillg\u00e4nglighet och geografiska placering. P\u00e5 s\u00e5 s\u00e4tt \u00e4r kundupplevelsen flexibel och tillg\u00e4nglig \u00f6ver hela Sverige, men i den m\u00e5n kund \u00f6nskar helt digital. Neudi har varit aktiv del\u00e4gare i Lavendla sedan 2014. Bolaget \u00e4r privat\u00e4gt.[\/vc_column_text][\/vc_tta_section][\/vc_tta_tour][\/vc_column][\/vc_row]<\/p>\n<\/div>","protected":false},"excerpt":{"rendered":"<p>[vc_row full_width=&#8221;stretch_row&#8221; full_height=&#8221;yes&#8221; el_id=&#8221;helabg&#8221; el_class=&#8221;vittext&#8221; css=&#8221;.vc_custom_1705659313257{padding-top: 20% !important;background-image: url(https:\/\/neudi.se\/wp-content\/uploads\/2024\/01\/Ernstrom.010.jpg?id=48) !important;}&#8221;][vc_column][vc_wp_custommenu nav_menu=&#8221;9&#8243;][lab_divider type=&#8221;plain&#8221; plain_style=&#8221;thick&#8221; plain_width=&#8221;50&#8243; plain_color=&#8221;#eaeaea&#8221;][vc_tta_tour style=&#8221;flat&#8221; color=&#8221;white&#8221; spacing=&#8221;&#8221; gap=&#8221;20&#8243; controls_size=&#8221;md&#8221; active_section=&#8221;&#8221; no_fill_content_area=&#8221;true&#8221; el_class=&#8221;vittext&#8221;][vc_tta_section title=&#8221;buddi&#8221; tab_id=&#8221;buddi&#8221;][vc_column_text] neudi och buddi. Buddi \u00e4r ett integrerat produkt- och tj\u00e4nstef\u00f6retag med etablerade sp\u00e5rnings- och \u00f6vervakningsprodukter med en global verksamhet med cirka 230 kunder \u00f6ver hela v\u00e4rlden. Buddis team \u00e4r experter&hellip;<\/p>\n","protected":false},"author":1,"featured_media":0,"parent":0,"menu_order":0,"comment_status":"closed","ping_status":"closed","template":"","meta":{"footnotes":""},"class_list":["post-39","page","type-page","status-publish","hentry"],"acf":[],"_links":{"self":[{"href":"https:\/\/neudi.se\/index.php\/wp-json\/wp\/v2\/pages\/39","targetHints":{"allow":["GET"]}}],"collection":[{"href":"https:\/\/neudi.se\/index.php\/wp-json\/wp\/v2\/pages"}],"about":[{"href":"https:\/\/neudi.se\/index.php\/wp-json\/wp\/v2\/types\/page"}],"author":[{"embeddable":true,"href":"https:\/\/neudi.se\/index.php\/wp-json\/wp\/v2\/users\/1"}],"replies":[{"embeddable":true,"href":"https:\/\/neudi.se\/index.php\/wp-json\/wp\/v2\/comments?post=39"}],"version-history":[{"count":9,"href":"https:\/\/neudi.se\/index.php\/wp-json\/wp\/v2\/pages\/39\/revisions"}],"predecessor-version":[{"id":271,"href":"https:\/\/neudi.se\/index.php\/wp-json\/wp\/v2\/pages\/39\/revisions\/271"}],"wp:attachment":[{"href":"https:\/\/neudi.se\/index.php\/wp-json\/wp\/v2\/media?parent=39"}],"curies":[{"name":"wp","href":"https:\/\/api.w.org\/{rel}","templated":true}]}}