{"id":36,"date":"2024-01-18T21:21:18","date_gmt":"2024-01-18T21:21:18","guid":{"rendered":"http:\/\/159.89.14.228\/?page_id=36"},"modified":"2025-02-11T17:12:15","modified_gmt":"2025-02-11T16:12:15","slug":"industri","status":"publish","type":"page","link":"https:\/\/neudi.se\/index.php\/industri\/","title":{"rendered":"Industri"},"content":{"rendered":"<div class=\"wpb-content-wrapper\"><p>[vc_row full_width=&#8221;stretch_row&#8221; full_height=&#8221;yes&#8221; el_id=&#8221;helabg&#8221; el_class=&#8221;vittext&#8221; css=&#8221;.vc_custom_1705659272484{padding-top: 20% !important;background-image: url(https:\/\/neudi.se\/wp-content\/uploads\/2024\/01\/Gerhard-Hobohmns-Stitelse.jpg?id=37) !important;}&#8221;][vc_column][vc_wp_custommenu nav_menu=&#8221;9&#8243;][lab_divider type=&#8221;plain&#8221; plain_style=&#8221;thick&#8221; plain_width=&#8221;50&#8243; plain_color=&#8221;#eaeaea&#8221;][vc_tta_tour style=&#8221;flat&#8221; color=&#8221;white&#8221; spacing=&#8221;&#8221; gap=&#8221;20&#8243; controls_size=&#8221;md&#8221; active_section=&#8221;&#8221; no_fill_content_area=&#8221;true&#8221; el_class=&#8221;vittext&#8221;][vc_tta_section title=&#8221;ernstr\u00f6mgruppen&#8221; tab_id=&#8221;ernstr\u00f6mgruppen&#8221;][vc_column_text]<\/p>\n<h1>neudi<br \/>\noch <span style=\"color: #d57348;\">ernstr\u00f6mgruppen<\/span>.<\/h1>\n<p>Ernstr\u00f6mgruppen \u00e4r en nordisk f\u00f6retagsgrupp med bas i teknikhandel och l\u00e4ttare industri. Bolaget v\u00e4rnar om decentraliserad utveckling av f\u00f6retag och drivs helt utan n\u00e5gon exitagenda. Ernstr\u00f6mgruppens fokus \u00e4r att utveckla och f\u00f6rv\u00e4rva v\u00e4lsk\u00f6tta f\u00f6retag \u00a0med ett \u00e4garperspektiv som str\u00e4cker sig \u00f6ver generationer. Ernstr\u00f6mgruppen best\u00e5r av \u00f6ver 30 dotterbolag som tillsammans har cirka 1 000 anst\u00e4llda. Ernstr\u00f6mgruppen har varit en viktig del av Neudi sedan 70-talet, och \u00e4r hel\u00e4gt dotterbolag till neudi.[\/vc_column_text][\/vc_tta_section][vc_tta_section title=&#8221;sepson winch group&#8221; tab_id=&#8221;ls-technologies&#8221;][vc_column_text]<\/p>\n<h1>neudi<br \/>\noch <span style=\"color: #d57348;\">sepson winch group.<\/span><\/h1>\n<p>LS Technologies \u00e4r ett bolag verksamt inom marina- och tunga fordonsvinschar. Bolagets aff\u00e4rsid\u00e9 \u00e4r att f\u00f6rv\u00e4rva och utveckla marknadsledande nischakt\u00f6rer med teknikdrivna hanteringssystem. Bolaget best\u00e5r idag av tre teknikbolag: Lidan Marine, Sepson och Patterson. Neudi har varit aktiv del\u00e4gare i bolaget sedan 2017. Bolaget \u00e4r privat\u00e4gt.[\/vc_column_text][\/vc_tta_section][vc_tta_section title=&#8221;nederman&#8221; tab_id=&#8221;nederman&#8221;][vc_column_text]<\/p>\n<h1>neudi<br \/>\noch <span style=\"color: #d57348;\">nederman<\/span>.<\/h1>\n<p>Nederman \u00e4r ett v\u00e4rldsledande milj\u00f6teknikbolag inom industriell luftrening och \u00e5tervinningsl\u00f6sningar f\u00f6r industrin. Nedermans erbjudande omfattar allt fr\u00e5n projektering till installation, drifts\u00e4ttning och service. Nederman har cirka 2 100 anst\u00e4llda, tillverkning i 13 l\u00e4nder och f\u00f6rs\u00e4ljning till 60 l\u00e4nder. neudi har varit del\u00e4gare i Nederman sedan 2007. Nederman \u00e4r noterat p\u00e5 Nasdaq Stockholm, Mid Cap-listan.[\/vc_column_text][\/vc_tta_section][\/vc_tta_tour][\/vc_column][\/vc_row]<\/p>\n<\/div>","protected":false},"excerpt":{"rendered":"<p>[vc_row full_width=&#8221;stretch_row&#8221; full_height=&#8221;yes&#8221; el_id=&#8221;helabg&#8221; el_class=&#8221;vittext&#8221; css=&#8221;.vc_custom_1705659272484{padding-top: 20% !important;background-image: url(https:\/\/neudi.se\/wp-content\/uploads\/2024\/01\/Gerhard-Hobohmns-Stitelse.jpg?id=37) !important;}&#8221;][vc_column][vc_wp_custommenu nav_menu=&#8221;9&#8243;][lab_divider type=&#8221;plain&#8221; plain_style=&#8221;thick&#8221; plain_width=&#8221;50&#8243; plain_color=&#8221;#eaeaea&#8221;][vc_tta_tour style=&#8221;flat&#8221; color=&#8221;white&#8221; spacing=&#8221;&#8221; gap=&#8221;20&#8243; controls_size=&#8221;md&#8221; active_section=&#8221;&#8221; no_fill_content_area=&#8221;true&#8221; el_class=&#8221;vittext&#8221;][vc_tta_section title=&#8221;ernstr\u00f6mgruppen&#8221; tab_id=&#8221;ernstr\u00f6mgruppen&#8221;][vc_column_text] neudi och ernstr\u00f6mgruppen. Ernstr\u00f6mgruppen \u00e4r en nordisk f\u00f6retagsgrupp med bas i teknikhandel och l\u00e4ttare industri. Bolaget v\u00e4rnar om decentraliserad utveckling av f\u00f6retag och drivs helt utan n\u00e5gon exitagenda. Ernstr\u00f6mgruppens fokus&hellip;<\/p>\n","protected":false},"author":1,"featured_media":0,"parent":0,"menu_order":0,"comment_status":"closed","ping_status":"closed","template":"","meta":{"footnotes":""},"class_list":["post-36","page","type-page","status-publish","hentry"],"acf":[],"_links":{"self":[{"href":"https:\/\/neudi.se\/index.php\/wp-json\/wp\/v2\/pages\/36","targetHints":{"allow":["GET"]}}],"collection":[{"href":"https:\/\/neudi.se\/index.php\/wp-json\/wp\/v2\/pages"}],"about":[{"href":"https:\/\/neudi.se\/index.php\/wp-json\/wp\/v2\/types\/page"}],"author":[{"embeddable":true,"href":"https:\/\/neudi.se\/index.php\/wp-json\/wp\/v2\/users\/1"}],"replies":[{"embeddable":true,"href":"https:\/\/neudi.se\/index.php\/wp-json\/wp\/v2\/comments?post=36"}],"version-history":[{"count":6,"href":"https:\/\/neudi.se\/index.php\/wp-json\/wp\/v2\/pages\/36\/revisions"}],"predecessor-version":[{"id":251,"href":"https:\/\/neudi.se\/index.php\/wp-json\/wp\/v2\/pages\/36\/revisions\/251"}],"wp:attachment":[{"href":"https:\/\/neudi.se\/index.php\/wp-json\/wp\/v2\/media?parent=36"}],"curies":[{"name":"wp","href":"https:\/\/api.w.org\/{rel}","templated":true}]}}