{"id":31,"date":"2024-01-18T21:10:36","date_gmt":"2024-01-18T21:10:36","guid":{"rendered":"http:\/\/159.89.14.228\/?page_id=31"},"modified":"2026-02-05T10:26:19","modified_gmt":"2026-02-05T09:26:19","slug":"handel","status":"publish","type":"page","link":"https:\/\/neudi.se\/index.php\/handel\/","title":{"rendered":"Handel"},"content":{"rendered":"<div class=\"wpb-content-wrapper\"><p>[vc_row full_width=&#8221;stretch_row&#8221; full_height=&#8221;yes&#8221; el_id=&#8221;helabg&#8221; el_class=&#8221;vittext&#8221; css=&#8221;.vc_custom_1705659259157{padding-top: 20% !important;background-image: url(https:\/\/neudi.se\/wp-content\/uploads\/2024\/01\/Investeringsfokus.jpg?id=32) !important;}&#8221;][vc_column][vc_wp_custommenu nav_menu=&#8221;9&#8243;][lab_divider type=&#8221;plain&#8221; plain_style=&#8221;thick&#8221; plain_width=&#8221;50&#8243; plain_color=&#8221;#eaeaea&#8221;][vc_tta_tour style=&#8221;flat&#8221; color=&#8221;white&#8221; spacing=&#8221;&#8221; gap=&#8221;20&#8243; controls_size=&#8221;md&#8221; active_section=&#8221;&#8221; no_fill_content_area=&#8221;true&#8221; el_class=&#8221;vittext&#8221;][vc_tta_section title=&#8221;cellmark&#8221; tab_id=&#8221;cellmark&#8221;][vc_column_text]<\/p>\n<h1>neudi<br \/>\noch\u00a0<span style=\"color: #d57348;\">cellmark<\/span>.<\/h1>\n<p>CellMark \u00e4r Sveriges ledande handelshus inom internationell handel och aff\u00e4rsutveckling f\u00f6r den globala industri. F\u00f6retaget erbjuder tj\u00e4nster inom f\u00f6rs\u00e4ljning &amp; marknadsf\u00f6ring, finans, logistik och innovativ aff\u00e4rsutveckling. Med ett n\u00e4tverk av 70 kontor i +30 l\u00e4nder knyter CellMark samman entrepren\u00f6rer i ett brett spektrum av branscher inklusive kemikalier, massa, papper, f\u00f6rpackningar, \u00e5tervinning och energi. Neudi har varit en aktiv \u00e4garpartner i bolaget sedan 2017. Bolaget \u00e4r privat\u00e4gt.[\/vc_column_text][\/vc_tta_section][vc_tta_section title=&#8221;humble group&#8221; tab_id=&#8221;humble&#8221;][vc_column_text]<\/p>\n<h1>neudi<br \/>\noch <span style=\"color: #d57348;\">humble group<\/span>.<\/h1>\n<p>Humble Group \u00e4r en ung, dynamisk och innovativ FMCG-grupp som levererar produkter som \u00e4r bra f\u00f6r b\u00e5de dig och planeten. Gruppen best\u00e5r av +25 f\u00f6retag som verkar inom snabbv\u00e4xande segment h\u00e4lsosam mat och snacks, samt h\u00e5llbar sk\u00f6nhet och h\u00e4lsa. Neudi har varit en \u00e4garpartner i Humble sedan september 2021. Bolaget \u00e4r noterat under tickern HUMBLE p\u00e5 Nasdaq First North Stockholm.[\/vc_column_text][\/vc_tta_section][\/vc_tta_tour][\/vc_column][\/vc_row]<\/p>\n<\/div>","protected":false},"excerpt":{"rendered":"<p>[vc_row full_width=&#8221;stretch_row&#8221; full_height=&#8221;yes&#8221; el_id=&#8221;helabg&#8221; el_class=&#8221;vittext&#8221; css=&#8221;.vc_custom_1705659259157{padding-top: 20% !important;background-image: url(https:\/\/neudi.se\/wp-content\/uploads\/2024\/01\/Investeringsfokus.jpg?id=32) !important;}&#8221;][vc_column][vc_wp_custommenu nav_menu=&#8221;9&#8243;][lab_divider type=&#8221;plain&#8221; plain_style=&#8221;thick&#8221; plain_width=&#8221;50&#8243; plain_color=&#8221;#eaeaea&#8221;][vc_tta_tour style=&#8221;flat&#8221; color=&#8221;white&#8221; spacing=&#8221;&#8221; gap=&#8221;20&#8243; controls_size=&#8221;md&#8221; active_section=&#8221;&#8221; no_fill_content_area=&#8221;true&#8221; el_class=&#8221;vittext&#8221;][vc_tta_section title=&#8221;cellmark&#8221; tab_id=&#8221;cellmark&#8221;][vc_column_text] neudi och\u00a0cellmark. CellMark \u00e4r Sveriges ledande handelshus inom internationell handel och aff\u00e4rsutveckling f\u00f6r den globala industri. F\u00f6retaget erbjuder tj\u00e4nster inom f\u00f6rs\u00e4ljning &amp; marknadsf\u00f6ring, finans, logistik och innovativ aff\u00e4rsutveckling. Med ett&hellip;<\/p>\n","protected":false},"author":1,"featured_media":0,"parent":0,"menu_order":0,"comment_status":"closed","ping_status":"closed","template":"","meta":{"footnotes":""},"class_list":["post-31","page","type-page","status-publish","hentry"],"acf":[],"_links":{"self":[{"href":"https:\/\/neudi.se\/index.php\/wp-json\/wp\/v2\/pages\/31","targetHints":{"allow":["GET"]}}],"collection":[{"href":"https:\/\/neudi.se\/index.php\/wp-json\/wp\/v2\/pages"}],"about":[{"href":"https:\/\/neudi.se\/index.php\/wp-json\/wp\/v2\/types\/page"}],"author":[{"embeddable":true,"href":"https:\/\/neudi.se\/index.php\/wp-json\/wp\/v2\/users\/1"}],"replies":[{"embeddable":true,"href":"https:\/\/neudi.se\/index.php\/wp-json\/wp\/v2\/comments?post=31"}],"version-history":[{"count":11,"href":"https:\/\/neudi.se\/index.php\/wp-json\/wp\/v2\/pages\/31\/revisions"}],"predecessor-version":[{"id":272,"href":"https:\/\/neudi.se\/index.php\/wp-json\/wp\/v2\/pages\/31\/revisions\/272"}],"wp:attachment":[{"href":"https:\/\/neudi.se\/index.php\/wp-json\/wp\/v2\/media?parent=31"}],"curies":[{"name":"wp","href":"https:\/\/api.w.org\/{rel}","templated":true}]}}