{"id":28,"date":"2024-01-18T21:09:35","date_gmt":"2024-01-18T21:09:35","guid":{"rendered":"http:\/\/159.89.14.228\/?page_id=28"},"modified":"2025-08-26T11:18:47","modified_gmt":"2025-08-26T09:18:47","slug":"halsa","status":"publish","type":"page","link":"https:\/\/neudi.se\/index.php\/halsa\/","title":{"rendered":"H\u00e4lsa"},"content":{"rendered":"<div class=\"wpb-content-wrapper\"><p>[vc_row full_width=&#8221;stretch_row&#8221; full_height=&#8221;yes&#8221; el_id=&#8221;helabg&#8221; el_class=&#8221;vittext&#8221; css=&#8221;.vc_custom_1705659253222{padding-top: 20% !important;background-image: url(https:\/\/neudi.se\/wp-content\/uploads\/2024\/01\/Historia-Platzer.jpg?id=29) !important;}&#8221;][vc_column][vc_wp_custommenu nav_menu=&#8221;9&#8243;][lab_divider type=&#8221;plain&#8221; plain_style=&#8221;thick&#8221; plain_width=&#8221;50&#8243; plain_color=&#8221;#eaeaea&#8221;][vc_tta_tour style=&#8221;flat&#8221; color=&#8221;white&#8221; spacing=&#8221;&#8221; gap=&#8221;20&#8243; controls_size=&#8221;md&#8221; active_section=&#8221;&#8221; no_fill_content_area=&#8221;true&#8221; el_class=&#8221;vittext&#8221;][vc_tta_section title=&#8221;platform 24&#8243; tab_id=&#8221;platform-24&#8243;][vc_column_text]<\/p>\n<h1>neudi<br \/>\noch <span style=\"color: #d57348;\">platform 24<\/span>.<\/h1>\n<p>Platform24 \u00e4r med sin l\u00f6sning f\u00f6r automatiserad v\u00e5rdguidning och patientkommunikation ett av Nordens ledande digitala h\u00e4lsoteknikbolag. Bolagets digitala l\u00f6sningar levereras idag till sjukv\u00e5rdsregioner, v\u00e5rdkoncerner och f\u00f6rs\u00e4kringsgivare i Sverige, Norden och DACH-regionen.<\/p>\n<p>Bolaget \u00e4r en del av 24 Health Group som grundades i Stockholm 2016.[\/vc_column_text][\/vc_tta_section][\/vc_tta_tour][\/vc_column][\/vc_row]<\/p>\n<\/div>","protected":false},"excerpt":{"rendered":"<p>[vc_row full_width=&#8221;stretch_row&#8221; full_height=&#8221;yes&#8221; el_id=&#8221;helabg&#8221; el_class=&#8221;vittext&#8221; css=&#8221;.vc_custom_1705659253222{padding-top: 20% !important;background-image: url(https:\/\/neudi.se\/wp-content\/uploads\/2024\/01\/Historia-Platzer.jpg?id=29) !important;}&#8221;][vc_column][vc_wp_custommenu nav_menu=&#8221;9&#8243;][lab_divider type=&#8221;plain&#8221; plain_style=&#8221;thick&#8221; plain_width=&#8221;50&#8243; plain_color=&#8221;#eaeaea&#8221;][vc_tta_tour style=&#8221;flat&#8221; color=&#8221;white&#8221; spacing=&#8221;&#8221; gap=&#8221;20&#8243; controls_size=&#8221;md&#8221; active_section=&#8221;&#8221; no_fill_content_area=&#8221;true&#8221; el_class=&#8221;vittext&#8221;][vc_tta_section title=&#8221;platform 24&#8243; tab_id=&#8221;platform-24&#8243;][vc_column_text] neudi och platform 24. Platform24 \u00e4r med sin l\u00f6sning f\u00f6r automatiserad v\u00e5rdguidning och patientkommunikation ett av Nordens ledande digitala h\u00e4lsoteknikbolag. Bolagets digitala l\u00f6sningar levereras idag till sjukv\u00e5rdsregioner, v\u00e5rdkoncerner och&hellip;<\/p>\n","protected":false},"author":1,"featured_media":0,"parent":0,"menu_order":0,"comment_status":"closed","ping_status":"closed","template":"","meta":{"footnotes":""},"class_list":["post-28","page","type-page","status-publish","hentry"],"acf":[],"_links":{"self":[{"href":"https:\/\/neudi.se\/index.php\/wp-json\/wp\/v2\/pages\/28","targetHints":{"allow":["GET"]}}],"collection":[{"href":"https:\/\/neudi.se\/index.php\/wp-json\/wp\/v2\/pages"}],"about":[{"href":"https:\/\/neudi.se\/index.php\/wp-json\/wp\/v2\/types\/page"}],"author":[{"embeddable":true,"href":"https:\/\/neudi.se\/index.php\/wp-json\/wp\/v2\/users\/1"}],"replies":[{"embeddable":true,"href":"https:\/\/neudi.se\/index.php\/wp-json\/wp\/v2\/comments?post=28"}],"version-history":[{"count":6,"href":"https:\/\/neudi.se\/index.php\/wp-json\/wp\/v2\/pages\/28\/revisions"}],"predecessor-version":[{"id":262,"href":"https:\/\/neudi.se\/index.php\/wp-json\/wp\/v2\/pages\/28\/revisions\/262"}],"wp:attachment":[{"href":"https:\/\/neudi.se\/index.php\/wp-json\/wp\/v2\/media?parent=28"}],"curies":[{"name":"wp","href":"https:\/\/api.w.org\/{rel}","templated":true}]}}