{"id":25,"date":"2024-01-18T21:06:04","date_gmt":"2024-01-18T21:06:04","guid":{"rendered":"http:\/\/159.89.14.228\/?page_id=25"},"modified":"2026-02-12T12:36:16","modified_gmt":"2026-02-12T11:36:16","slug":"finans","status":"publish","type":"page","link":"https:\/\/neudi.se\/index.php\/finans\/","title":{"rendered":"Finans"},"content":{"rendered":"<div class=\"wpb-content-wrapper\"><p>[vc_row full_width=&#8221;stretch_row&#8221; full_height=&#8221;yes&#8221; el_id=&#8221;helabg&#8221; el_class=&#8221;vittext&#8221; css=&#8221;.vc_custom_1705659245407{padding-top: 20% !important;background-image: url(https:\/\/neudi.se\/wp-content\/uploads\/2024\/01\/Historia-start.jpg?id=26) !important;}&#8221;][vc_column][vc_wp_custommenu nav_menu=&#8221;9&#8243;][lab_divider type=&#8221;plain&#8221; plain_style=&#8221;thick&#8221; plain_width=&#8221;50&#8243; plain_color=&#8221;#eaeaea&#8221;][vc_tta_tour style=&#8221;flat&#8221; color=&#8221;white&#8221; spacing=&#8221;&#8221; gap=&#8221;20&#8243; controls_size=&#8221;md&#8221; active_section=&#8221;&#8221; no_fill_content_area=&#8221;true&#8221; el_class=&#8221;vittext&#8221;][vc_tta_section title=&#8221;lysa&#8221; tab_id=&#8221;lysa&#8221;][vc_column_text]<\/p>\n<h1>neudi<br \/>\noch <span style=\"color: #d57348;\">lysa<\/span>.<\/h1>\n<p>Lysa \u00e4r en digitaliserad investeringstj\u00e4nst som erbjuder en professionell, transparent och prisv\u00e4rd kapitalf\u00f6rvaltning. Neudi har varit \u00e4garpartner i Lysa sedan 2016. Bolaget \u00e4r privat\u00e4gt och har kontor i Stockholm. De erbjuder sin tj\u00e4nst i 4 l\u00e4nder.[\/vc_column_text][\/vc_tta_section][\/vc_tta_tour][vc_tta_tour style=&#8221;flat&#8221; color=&#8221;white&#8221; spacing=&#8221;&#8221; gap=&#8221;20&#8243; controls_size=&#8221;md&#8221; active_section=&#8221;&#8221; no_fill_content_area=&#8221;true&#8221; el_class=&#8221;vittext&#8221;][vc_tta_section title=&#8221;zaver&#8221; tab_id=&#8221;1770893611829-3c8c9aa7-b7ae&#8221;][vc_column_text]<\/p>\n<h1>neudi<br \/>\noch <span style=\"color: #d57348;\">zaver<\/span>.<\/h1>\n<p>Zaver erbjuder avancerade modeller f\u00f6r kreditbed\u00f6mning som ger upp till 50% h\u00f6gre acceptansniv\u00e5er j\u00e4mf\u00f6rt med branschens ledande akt\u00f6rer, vilket g\u00f6r det m\u00f6jligt f\u00f6r f\u00f6retag att s\u00e4kert genomf\u00f6ra fler transaktioner med h\u00f6gre orderv\u00e4rde och acceptansgrad. Neudi har varit \u00e4garpartner i Zaver sedan 2025. Bolaget \u00e4r privat\u00e4gt och har kontor i Stockholm.[\/vc_column_text][\/vc_tta_section][\/vc_tta_tour][\/vc_column][\/vc_row]<\/p>\n<\/div>","protected":false},"excerpt":{"rendered":"<p>[vc_row full_width=&#8221;stretch_row&#8221; full_height=&#8221;yes&#8221; el_id=&#8221;helabg&#8221; el_class=&#8221;vittext&#8221; css=&#8221;.vc_custom_1705659245407{padding-top: 20% !important;background-image: url(https:\/\/neudi.se\/wp-content\/uploads\/2024\/01\/Historia-start.jpg?id=26) !important;}&#8221;][vc_column][vc_wp_custommenu nav_menu=&#8221;9&#8243;][lab_divider type=&#8221;plain&#8221; plain_style=&#8221;thick&#8221; plain_width=&#8221;50&#8243; plain_color=&#8221;#eaeaea&#8221;][vc_tta_tour style=&#8221;flat&#8221; color=&#8221;white&#8221; spacing=&#8221;&#8221; gap=&#8221;20&#8243; controls_size=&#8221;md&#8221; active_section=&#8221;&#8221; no_fill_content_area=&#8221;true&#8221; el_class=&#8221;vittext&#8221;][vc_tta_section title=&#8221;lysa&#8221; tab_id=&#8221;lysa&#8221;][vc_column_text] neudi och lysa. Lysa \u00e4r en digitaliserad investeringstj\u00e4nst som erbjuder en professionell, transparent och prisv\u00e4rd kapitalf\u00f6rvaltning. Neudi har varit \u00e4garpartner i Lysa sedan 2016. Bolaget \u00e4r privat\u00e4gt och har kontor&hellip;<\/p>\n","protected":false},"author":1,"featured_media":0,"parent":0,"menu_order":0,"comment_status":"closed","ping_status":"closed","template":"","meta":{"footnotes":""},"class_list":["post-25","page","type-page","status-publish","hentry"],"acf":[],"_links":{"self":[{"href":"https:\/\/neudi.se\/index.php\/wp-json\/wp\/v2\/pages\/25","targetHints":{"allow":["GET"]}}],"collection":[{"href":"https:\/\/neudi.se\/index.php\/wp-json\/wp\/v2\/pages"}],"about":[{"href":"https:\/\/neudi.se\/index.php\/wp-json\/wp\/v2\/types\/page"}],"author":[{"embeddable":true,"href":"https:\/\/neudi.se\/index.php\/wp-json\/wp\/v2\/users\/1"}],"replies":[{"embeddable":true,"href":"https:\/\/neudi.se\/index.php\/wp-json\/wp\/v2\/comments?post=25"}],"version-history":[{"count":6,"href":"https:\/\/neudi.se\/index.php\/wp-json\/wp\/v2\/pages\/25\/revisions"}],"predecessor-version":[{"id":279,"href":"https:\/\/neudi.se\/index.php\/wp-json\/wp\/v2\/pages\/25\/revisions\/279"}],"wp:attachment":[{"href":"https:\/\/neudi.se\/index.php\/wp-json\/wp\/v2\/media?parent=25"}],"curies":[{"name":"wp","href":"https:\/\/api.w.org\/{rel}","templated":true}]}}