{"id":19,"date":"2024-01-18T20:57:13","date_gmt":"2024-01-18T20:57:13","guid":{"rendered":"http:\/\/159.89.14.228\/?page_id=19"},"modified":"2024-01-19T11:13:58","modified_gmt":"2024-01-19T10:13:58","slug":"fastigheter","status":"publish","type":"page","link":"https:\/\/neudi.se\/index.php\/fastigheter\/","title":{"rendered":"Fastigheter"},"content":{"rendered":"<div class=\"wpb-content-wrapper\"><p>[vc_row full_width=&#8221;stretch_row&#8221; full_height=&#8221;yes&#8221; content_placement=&#8221;middle&#8221; el_id=&#8221;helabg&#8221; el_class=&#8221;vittext&#8221; css=&#8221;.vc_custom_1705659237687{padding-top: 20% !important;background-image: url(https:\/\/neudi.se\/wp-content\/uploads\/2024\/01\/Innehav-Nya-affNrsmodeller.jpg?id=20) !important;}&#8221;][vc_column][vc_wp_custommenu nav_menu=&#8221;9&#8243;][lab_divider type=&#8221;plain&#8221; plain_style=&#8221;thick&#8221; plain_width=&#8221;50&#8243; plain_color=&#8221;#eaeaea&#8221;][vc_tta_tour style=&#8221;flat&#8221; color=&#8221;white&#8221; spacing=&#8221;&#8221; gap=&#8221;20&#8243; controls_size=&#8221;md&#8221; active_section=&#8221;&#8221; no_fill_content_area=&#8221;true&#8221; el_class=&#8221;vittext&#8221;][vc_tta_section title=&#8221;bran\u00e4sgruppen&#8221; tab_id=&#8221;bran\u00e4sgruppen&#8221;][vc_column_text]<\/p>\n<h1>neudi<br \/>\noch <span style=\"color: #d57348;\">bran\u00e4sgruppen<\/span>.<\/h1>\n<p>Bran\u00e4sgruppen \u00e4r Sveriges st\u00f6rsta privata skidanl\u00e4ggningskoncern, med huvudkontor i Karlstad. Med anl\u00e4ggningar fr\u00e5n Vall\u00e5sen i s\u00f6der till Kungsberget i norr erbjuder man stadsn\u00e4ra skid\u00e5kning f\u00f6r familjen. Huvudanl\u00e4ggningen Bran\u00e4s har blivit utsedd till \u00e5rets barnsemester i Sverige de senaste 11 \u00e5ren. Neudi \u00e4r en aktiv \u00e4garpartner sedan 2018.[\/vc_column_text][\/vc_tta_section][vc_tta_section title=&#8221;platzer&#8221; tab_id=&#8221;platzer&#8221;][vc_column_text]<\/p>\n<h1>neudi<br \/>\noch <span style=\"color: #d57348;\">platzer<\/span>.<\/h1>\n<p>Platzer \u00e4r ett av G\u00f6teborgs st\u00f6rsta fastighetsbolag inom kommersiella fastigheter, fr\u00e4mst kontor och logistik. Platzer \u00e4ger och utvecklar 70 fastigheter med en total yta om cirka 830 000 kvm d\u00e4r fastigheterna \u00e4r till st\u00f6rsta delen koncentrerade till centrala och v\u00e4stra G\u00f6teborg. Neudi har varit huvud\u00e4gare i Platzer sedan 90-talet. Platzer har cirka 90 anst\u00e4llda och \u00e4r noterat under tickern PLAZ B p\u00e5 Nasdaq Stockholm, Mid Cap-listan.[\/vc_column_text][\/vc_tta_section][vc_tta_section title=&#8221;sverigehuset&#8221; tab_id=&#8221;sverigehuset&#8221;][vc_column_text]<\/p>\n<h1>neudi<br \/>\noch <span style=\"color: #d57348;\">sverigehuset<\/span>.<\/h1>\n<p>Sverigehuset \u00e4r en bostadsutvecklare som skapar hem d\u00e4r m\u00e4nniskor vill leva och bo. Sverigehuset arbetar med helheten fr\u00e5n id\u00e9 till bostad och har sedan starten 1992 utvecklat cirka 2 000 bost\u00e4der. Sverigehuset utvecklar \u00e4ven hyresfastigheter f\u00f6r egen l\u00e5ngsiktig f\u00f6rvaltning. Sverigehuset \u00e4r ett systerbolag till neudi och \u00e4r privat\u00e4gt.[\/vc_column_text][\/vc_tta_section][\/vc_tta_tour][\/vc_column][\/vc_row]<\/p>\n<\/div>","protected":false},"excerpt":{"rendered":"<p>[vc_row full_width=&#8221;stretch_row&#8221; full_height=&#8221;yes&#8221; content_placement=&#8221;middle&#8221; el_id=&#8221;helabg&#8221; el_class=&#8221;vittext&#8221; css=&#8221;.vc_custom_1705659237687{padding-top: 20% !important;background-image: url(https:\/\/neudi.se\/wp-content\/uploads\/2024\/01\/Innehav-Nya-affNrsmodeller.jpg?id=20) !important;}&#8221;][vc_column][vc_wp_custommenu nav_menu=&#8221;9&#8243;][lab_divider type=&#8221;plain&#8221; plain_style=&#8221;thick&#8221; plain_width=&#8221;50&#8243; plain_color=&#8221;#eaeaea&#8221;][vc_tta_tour style=&#8221;flat&#8221; color=&#8221;white&#8221; spacing=&#8221;&#8221; gap=&#8221;20&#8243; controls_size=&#8221;md&#8221; active_section=&#8221;&#8221; no_fill_content_area=&#8221;true&#8221; el_class=&#8221;vittext&#8221;][vc_tta_section title=&#8221;bran\u00e4sgruppen&#8221; tab_id=&#8221;bran\u00e4sgruppen&#8221;][vc_column_text] neudi och bran\u00e4sgruppen. Bran\u00e4sgruppen \u00e4r Sveriges st\u00f6rsta privata skidanl\u00e4ggningskoncern, med huvudkontor i Karlstad. Med anl\u00e4ggningar fr\u00e5n Vall\u00e5sen i s\u00f6der till Kungsberget i norr erbjuder man stadsn\u00e4ra skid\u00e5kning f\u00f6r familjen.&hellip;<\/p>\n","protected":false},"author":1,"featured_media":0,"parent":0,"menu_order":0,"comment_status":"closed","ping_status":"closed","template":"","meta":{"footnotes":""},"class_list":["post-19","page","type-page","status-publish","hentry"],"acf":[],"_links":{"self":[{"href":"https:\/\/neudi.se\/index.php\/wp-json\/wp\/v2\/pages\/19","targetHints":{"allow":["GET"]}}],"collection":[{"href":"https:\/\/neudi.se\/index.php\/wp-json\/wp\/v2\/pages"}],"about":[{"href":"https:\/\/neudi.se\/index.php\/wp-json\/wp\/v2\/types\/page"}],"author":[{"embeddable":true,"href":"https:\/\/neudi.se\/index.php\/wp-json\/wp\/v2\/users\/1"}],"replies":[{"embeddable":true,"href":"https:\/\/neudi.se\/index.php\/wp-json\/wp\/v2\/comments?post=19"}],"version-history":[{"count":6,"href":"https:\/\/neudi.se\/index.php\/wp-json\/wp\/v2\/pages\/19\/revisions"}],"predecessor-version":[{"id":200,"href":"https:\/\/neudi.se\/index.php\/wp-json\/wp\/v2\/pages\/19\/revisions\/200"}],"wp:attachment":[{"href":"https:\/\/neudi.se\/index.php\/wp-json\/wp\/v2\/media?parent=19"}],"curies":[{"name":"wp","href":"https:\/\/api.w.org\/{rel}","templated":true}]}}