{"id":131,"date":"2024-01-18T23:34:01","date_gmt":"2024-01-18T23:34:01","guid":{"rendered":"http:\/\/159.89.14.228\/?page_id=131"},"modified":"2024-01-19T11:31:17","modified_gmt":"2024-01-19T10:31:17","slug":"real-estate","status":"publish","type":"page","link":"https:\/\/neudi.se\/index.php\/en\/real-estate\/","title":{"rendered":"Real Estate"},"content":{"rendered":"<div class=\"wpb-content-wrapper\"><p>[vc_row full_width=&#8221;stretch_row&#8221; full_height=&#8221;yes&#8221; el_id=&#8221;helabg&#8221; el_class=&#8221;vittext&#8221; css=&#8221;.vc_custom_1705660275546{padding-top: 20% !important;background-image: url(https:\/\/neudi.se\/wp-content\/uploads\/2024\/01\/Innehav-Nya-affNrsmodeller.jpg?id=20) !important;}&#8221;][vc_column][vc_wp_custommenu nav_menu=&#8221;17&#8243;][lab_divider type=&#8221;plain&#8221; plain_style=&#8221;thick&#8221; plain_width=&#8221;50&#8243; plain_color=&#8221;#eaeaea&#8221;][vc_tta_tour style=&#8221;flat&#8221; color=&#8221;white&#8221; spacing=&#8221;&#8221; gap=&#8221;20&#8243; controls_size=&#8221;md&#8221; active_section=&#8221;&#8221; no_fill_content_area=&#8221;true&#8221; el_class=&#8221;vittext&#8221;][vc_tta_section title=&#8221;bran\u00e4sgruppen&#8221; tab_id=&#8221;bran\u00e4sgruppend312-6623&#8243;][vc_column_text]<\/p>\n<h1>neudi<br \/>\nand <span style=\"color: #d57348;\">bran\u00e4sgruppen<\/span>.<\/h1>\n<p>Bran\u00e4sgruppen is the largest privately owned ski resort group in Sweden and based in Karlstad. The company operates 6 resorts mainly in the North of Sweden. The main resort in Bran\u00e4s has been voted \u201cbest family destination\u201d in Sweden for 13 consecutive years. Neudi &amp; C:o has supported Bran\u00e4sgruppen as a minority shareholder since 2018.[\/vc_column_text][\/vc_tta_section][vc_tta_section title=&#8221;platzer&#8221; tab_id=&#8221;platzerd312-6623&#8243;][vc_column_text]<\/p>\n<h1>neudi<br \/>\nand <span style=\"color: #d57348;\">platzer<\/span>.<\/h1>\n<p>Platzer is the leading commercial real estate company in the Gothenburg region. It operates within the office and logistics segments and owns and manages 70 buildings with a total area of 900,000 sqm. The properties are concentrated to central Gothenburg. Neudi &amp; C:o has been the main owner of Platzer since the mid-90s and today retains a holding of 30% in the business which is listed on the Nasdaq Stockholm exchange since 2013.[\/vc_column_text][\/vc_tta_section][vc_tta_section title=&#8221;sverigehuset&#8221; tab_id=&#8221;sverigehusetd312-6623&#8243;][vc_column_text]<\/p>\n<h1>neudi<br \/>\nand <span style=\"color: #d57348;\">sverigehuset<\/span>.<\/h1>\n<p>Sverigehuset is a property developer focusing on the Gothenburg residential market, both co-ops and condos for sale on the primary market and rental properties for its own management business. The company was founded in 1992 and has developed approximately 2,500 units since its inception. Sverigehuset is privately owned and a sister entity of Neudi &amp; C:o owns part of the business.[\/vc_column_text][\/vc_tta_section][\/vc_tta_tour][\/vc_column][\/vc_row]<\/p>\n<\/div>","protected":false},"excerpt":{"rendered":"<p>[vc_row full_width=&#8221;stretch_row&#8221; full_height=&#8221;yes&#8221; el_id=&#8221;helabg&#8221; el_class=&#8221;vittext&#8221; css=&#8221;.vc_custom_1705660275546{padding-top: 20% !important;background-image: url(https:\/\/neudi.se\/wp-content\/uploads\/2024\/01\/Innehav-Nya-affNrsmodeller.jpg?id=20) !important;}&#8221;][vc_column][vc_wp_custommenu nav_menu=&#8221;17&#8243;][lab_divider type=&#8221;plain&#8221; plain_style=&#8221;thick&#8221; plain_width=&#8221;50&#8243; plain_color=&#8221;#eaeaea&#8221;][vc_tta_tour style=&#8221;flat&#8221; color=&#8221;white&#8221; spacing=&#8221;&#8221; gap=&#8221;20&#8243; controls_size=&#8221;md&#8221; active_section=&#8221;&#8221; no_fill_content_area=&#8221;true&#8221; el_class=&#8221;vittext&#8221;][vc_tta_section title=&#8221;bran\u00e4sgruppen&#8221; tab_id=&#8221;bran\u00e4sgruppend312-6623&#8243;][vc_column_text] neudi and bran\u00e4sgruppen. Bran\u00e4sgruppen is the largest privately owned ski resort group in Sweden and based in Karlstad. The company operates 6 resorts mainly in the North of Sweden. The&hellip;<\/p>\n","protected":false},"author":1,"featured_media":0,"parent":0,"menu_order":0,"comment_status":"closed","ping_status":"closed","template":"","meta":{"footnotes":""},"class_list":["post-131","page","type-page","status-publish","hentry"],"acf":[],"_links":{"self":[{"href":"https:\/\/neudi.se\/index.php\/wp-json\/wp\/v2\/pages\/131","targetHints":{"allow":["GET"]}}],"collection":[{"href":"https:\/\/neudi.se\/index.php\/wp-json\/wp\/v2\/pages"}],"about":[{"href":"https:\/\/neudi.se\/index.php\/wp-json\/wp\/v2\/types\/page"}],"author":[{"embeddable":true,"href":"https:\/\/neudi.se\/index.php\/wp-json\/wp\/v2\/users\/1"}],"replies":[{"embeddable":true,"href":"https:\/\/neudi.se\/index.php\/wp-json\/wp\/v2\/comments?post=131"}],"version-history":[{"count":4,"href":"https:\/\/neudi.se\/index.php\/wp-json\/wp\/v2\/pages\/131\/revisions"}],"predecessor-version":[{"id":223,"href":"https:\/\/neudi.se\/index.php\/wp-json\/wp\/v2\/pages\/131\/revisions\/223"}],"wp:attachment":[{"href":"https:\/\/neudi.se\/index.php\/wp-json\/wp\/v2\/media?parent=131"}],"curies":[{"name":"wp","href":"https:\/\/api.w.org\/{rel}","templated":true}]}}