{"id":127,"date":"2024-01-18T23:30:51","date_gmt":"2024-01-18T23:30:51","guid":{"rendered":"http:\/\/159.89.14.228\/?page_id=127"},"modified":"2024-01-19T11:30:00","modified_gmt":"2024-01-19T10:30:00","slug":"industry","status":"publish","type":"page","link":"https:\/\/neudi.se\/index.php\/en\/industry\/","title":{"rendered":"Industry"},"content":{"rendered":"<div class=\"wpb-content-wrapper\"><p>[vc_row full_width=&#8221;stretch_row&#8221; full_height=&#8221;yes&#8221; el_id=&#8221;helabg&#8221; el_class=&#8221;vittext&#8221; css=&#8221;.vc_custom_1705660199040{padding-top: 20% !important;background-image: url(https:\/\/neudi.se\/wp-content\/uploads\/2024\/01\/Gerhard-Hobohmns-Stitelse.jpg?id=37) !important;}&#8221;][vc_column][vc_wp_custommenu nav_menu=&#8221;17&#8243;][lab_divider type=&#8221;plain&#8221; plain_style=&#8221;thick&#8221; plain_width=&#8221;50&#8243; plain_color=&#8221;#eaeaea&#8221;][vc_tta_tour style=&#8221;flat&#8221; color=&#8221;white&#8221; spacing=&#8221;&#8221; gap=&#8221;20&#8243; controls_size=&#8221;md&#8221; active_section=&#8221;&#8221; no_fill_content_area=&#8221;true&#8221; el_class=&#8221;vittext&#8221;][vc_tta_section title=&#8221;ernstr\u00f6mgruppen&#8221; tab_id=&#8221;ernstr\u00f6mgruppenad1d-5a7e&#8221;][vc_column_text]<\/p>\n<h1>neudi<br \/>\nand <span style=\"color: #d57348;\">ernstr\u00f6mgruppen<\/span>.<\/h1>\n<p>Ernstr\u00f6mgruppen is a Nordic industrial conglomerate with its roots in technical trading and light industry. The core premise of the company is to allow subsidiaries to operate in an independent and decentralised manner supported by a permanent capital base without an exit horizon. The strategy of the group is to develop and acquire well managed businesses for the benefit of future generations. Ernstr\u00f6mgruppen has been an important part of Neudi since the 1970s and currently consists of around 40 companies with approximately 1,200 employees. Neudi owns 74% of Ernstr\u00f6mgruppen and is committed to remaining a controlling majority shareholder for the long term.[\/vc_column_text][\/vc_tta_section][vc_tta_section title=&#8221;nederman&#8221; tab_id=&#8221;nedermanad1d-5a7e&#8221;][vc_column_text]<\/p>\n<h1>neudi<br \/>\nand <span style=\"color: #d57348;\">nederman<\/span>.<\/h1>\n<p>Nederman is a world leading cleantech business within industrial air filtration and industrial recycling solutions. The company offers everything from project development, installation and service and maintenance. Sales are done through subsidiaries or distributors in more than 50 countries. Nederman has approximately 2,000 employees in 30 countries and is listed on the Nasdaq Stockholm exchange. Neudi &amp; C:o has been an active minority shareholder in the company since 2007.[\/vc_column_text][\/vc_tta_section][\/vc_tta_tour][\/vc_column][\/vc_row]<\/p>\n<\/div>","protected":false},"excerpt":{"rendered":"<p>[vc_row full_width=&#8221;stretch_row&#8221; full_height=&#8221;yes&#8221; el_id=&#8221;helabg&#8221; el_class=&#8221;vittext&#8221; css=&#8221;.vc_custom_1705660199040{padding-top: 20% !important;background-image: url(https:\/\/neudi.se\/wp-content\/uploads\/2024\/01\/Gerhard-Hobohmns-Stitelse.jpg?id=37) !important;}&#8221;][vc_column][vc_wp_custommenu nav_menu=&#8221;17&#8243;][lab_divider type=&#8221;plain&#8221; plain_style=&#8221;thick&#8221; plain_width=&#8221;50&#8243; plain_color=&#8221;#eaeaea&#8221;][vc_tta_tour style=&#8221;flat&#8221; color=&#8221;white&#8221; spacing=&#8221;&#8221; gap=&#8221;20&#8243; controls_size=&#8221;md&#8221; active_section=&#8221;&#8221; no_fill_content_area=&#8221;true&#8221; el_class=&#8221;vittext&#8221;][vc_tta_section title=&#8221;ernstr\u00f6mgruppen&#8221; tab_id=&#8221;ernstr\u00f6mgruppenad1d-5a7e&#8221;][vc_column_text] neudi and ernstr\u00f6mgruppen. Ernstr\u00f6mgruppen is a Nordic industrial conglomerate with its roots in technical trading and light industry. The core premise of the company is to allow subsidiaries to operate&hellip;<\/p>\n","protected":false},"author":1,"featured_media":0,"parent":0,"menu_order":0,"comment_status":"closed","ping_status":"closed","template":"","meta":{"footnotes":""},"class_list":["post-127","page","type-page","status-publish","hentry"],"acf":[],"_links":{"self":[{"href":"https:\/\/neudi.se\/index.php\/wp-json\/wp\/v2\/pages\/127","targetHints":{"allow":["GET"]}}],"collection":[{"href":"https:\/\/neudi.se\/index.php\/wp-json\/wp\/v2\/pages"}],"about":[{"href":"https:\/\/neudi.se\/index.php\/wp-json\/wp\/v2\/types\/page"}],"author":[{"embeddable":true,"href":"https:\/\/neudi.se\/index.php\/wp-json\/wp\/v2\/users\/1"}],"replies":[{"embeddable":true,"href":"https:\/\/neudi.se\/index.php\/wp-json\/wp\/v2\/comments?post=127"}],"version-history":[{"count":3,"href":"https:\/\/neudi.se\/index.php\/wp-json\/wp\/v2\/pages\/127\/revisions"}],"predecessor-version":[{"id":215,"href":"https:\/\/neudi.se\/index.php\/wp-json\/wp\/v2\/pages\/127\/revisions\/215"}],"wp:attachment":[{"href":"https:\/\/neudi.se\/index.php\/wp-json\/wp\/v2\/media?parent=127"}],"curies":[{"name":"wp","href":"https:\/\/api.w.org\/{rel}","templated":true}]}}